{"id":40,"date":"2021-01-06T19:17:11","date_gmt":"2021-01-06T18:17:11","guid":{"rendered":"https:\/\/kalender.osthelden.eu\/?page_id=40"},"modified":"2021-01-06T19:17:11","modified_gmt":"2021-01-06T18:17:11","slug":"asp-vereine","status":"publish","type":"page","link":"https:\/\/kalender.osthelden.eu\/index.php\/asp-vereine\/","title":{"rendered":"ASP Vereine"},"content":{"rendered":"\n<p>Ansprechpartner der Vereine<\/p>\n\n\n\n<figure class=\"wp-block-table\"><table><tbody><tr><td><strong>Blasorchester Stadt Kreuztal<\/strong><\/td><td><strong>Freiwillige Feuerwehr Kreuztal<\/strong><\/td><td><strong>Freiwillige Feuerwehr Kreuztal<\/strong><\/td><\/tr><tr><td>Mike Brombach<\/td><td><strong>L\u00f6schgruppe Fellinghausen<\/strong><\/td><td><strong>L\u00f6schgruppe Osthelden<\/strong><\/td><\/tr><tr><td>Buschh\u00fcttener Str. 88<\/td><td>Sven Julius<\/td><td>Kai Schmidt<\/td><\/tr><tr><td>57223 Kreuztal<\/td><td>Hanna-Achenbach-Weg 2<\/td><td>Alter Weg<\/td><\/tr><tr><td>02732\/791082<\/td><td>02732\/7653144<\/td><td>02732\/<\/td><\/tr><tr><td><a href=\"mailto:info@blasorchester-kreuztal.de\">info@blasorchester-kreuztal.de<\/a><\/td><td><a href=\"mailto:Sven.julius@web.de\">Sven.julius@web.de<\/a><\/td><td><a href=\"mailto:ff-osthelden@t-online.de\">ff-osthelden@t-online.de<\/a><\/td><\/tr><tr><td><a href=\"http:\/\/www.blasorchester-kreuztal.de\">www.blasorchester-kreuztal.de<\/a><\/td><td><a href=\"http:\/\/www.feuerwehr.kreuztal.de\">www.feuerwehr.kreuztal.de<\/a><\/td><td><a href=\"http:\/\/www.feuerwehr.kreuztal.de\">www.feuerwehr.kreuztal.de<\/a><\/td><\/tr><tr><td>&nbsp;<\/td><td>&nbsp;<\/td><td>&nbsp;<\/td><\/tr><tr><td><strong>Radsportverein RSV Osthelden<\/strong><\/td><td><strong>DRK Gruppe Fellinghausen<\/strong><\/td><td><strong>Ev. Kirchengemeinde<\/strong><\/td><\/tr><tr><td>Klaus Irle<\/td><td>Dieter Schmidt<\/td><td>Pfarrer Thies Friederichs<\/td><\/tr><tr><td>Fellinghausener Str. 7<\/td><td>Auf dem Hainchen 8<\/td><td>Martin-Luther-Str. 1<\/td><\/tr><tr><td>02732\/582383<\/td><td>02732\/1408<\/td><td>02732\/5581107<\/td><\/tr><tr><td><a href=\"mailto:irle@rsvosthelden.de\">irle@rsvosthelden.de<\/a><\/td><td><a href=\"mailto:Dschmidt57223@freenet.de\">Dschmidt57223@freenet.de<\/a><\/td><td><a href=\"mailto:Thies.friederichs@web.de\">Thies.friederichs@web.de<\/a><\/td><\/tr><tr><td><a href=\"http:\/\/www.rsvosthelden.de\">www.rsvosthelden.de<\/a><\/td><td>&nbsp;<\/td><td><a href=\"http:\/\/www.kirchengemeinde.kreuztal.de\">www.kirchengemeinde.kreuztal.de<\/a><\/td><\/tr><tr><td>&nbsp;<\/td><td>&nbsp;<\/td><td>&nbsp;<\/td><\/tr><tr><td><strong>DRK Gruppe Osthelden<\/strong><\/td><td><strong>F\u00f6rderverein Historischer<\/strong><\/td><td><strong>Ev. Gemeinschaft Osthelden<\/strong><\/td><\/tr><tr><td>Otto Stark<\/td><td><strong>Hauberg Fellinghausen (FHHF)<\/strong><\/td><td>Horst Wiedenhaupt<\/td><\/tr><tr><td>Br\u00fcderweg 13<\/td><td>Ulrich Gie\u00dfelmann<\/td><td>Junkernweg 25<\/td><\/tr><tr><td>02732\/3373<\/td><td>Landstr. 101<\/td><td><a href=\"mailto:HorstWiedenhaupt@aol.com\">HorstWiedenhaupt@aol.com<\/a><\/td><\/tr><tr><td><a href=\"mailto:info@ottostark.de\">info@ottostark.de<\/a><\/td><td>02732\/1882<\/td><td>&nbsp;<\/td><\/tr><tr><td>&nbsp;<\/td><td><a href=\"mailto:info@fhhf.de\">info@fhhf.de<\/a><\/td><td>&nbsp;<\/td><\/tr><tr><td>&nbsp;<\/td><td>&nbsp;<\/td><td>&nbsp;<\/td><\/tr><tr><td><strong>Gem. Chor der ev. Kirche<\/strong><\/td><td><strong>CVJM Posaunenchor<\/strong><\/td><td><strong>MGV Fellinghausen<\/strong><\/td><\/tr><tr><td>Hans-Werner Gerlach<\/td><td>Rainer Schmeling<\/td><td>J\u00f6rg Rose<\/td><\/tr><tr><td>Hofwiesenstr. 3<\/td><td>Fellinghausener Str. 32<\/td><td>Dornseifer Str. 10a<\/td><\/tr><tr><td>02732\/1716<\/td><td>02732\/25893<\/td><td>02732\/596502<\/td><\/tr><tr><td>&nbsp;<\/td><td><a href=\"mailto:schemlingr@aol.com\">schemlingr@aol.com<\/a><\/td><td><a href=\"mailto:vorstand@mgv-fellinghausen.de\">vorstand@mgv-fellinghausen.de<\/a><\/td><\/tr><tr><td>&nbsp;<\/td><td>&nbsp;<\/td><td>&nbsp;<\/td><\/tr><tr><td><strong>SPD OV Heestal<\/strong><\/td><td><strong>VdK Ortsverband Kreuztal<\/strong><\/td><td><strong>CVJM Fellinghausen<\/strong><\/td><\/tr><tr><td>Bernd Meichelb\u00f6ck<\/td><td>Michaela Rohde<\/td><td>Verena Weber<\/td><\/tr><tr><td>Heesstr. 98<\/td><td>Am Heesbach 6<\/td><td>Auf dem Hainchen 2a<\/td><\/tr><tr><td>02732\/25276<\/td><td>0170\/5473900<\/td><td>02732\/56302<\/td><\/tr><tr><td><a href=\"mailto:Bernd.meichelboeck@arcor.de\">Bernd.meichelboeck@arcor.de<\/a><\/td><td><a href=\"mailto:Ov-kreuztal@vdk.de\">Ov-kreuztal@vdk.de<\/a><\/td><td><a href=\"mailto:Verenaweber71@web.de\">Verenaweber71@web.de<\/a><\/td><\/tr><tr><td>&nbsp;<\/td><td>&nbsp;<\/td><td>&nbsp;<\/td><\/tr><tr><td><strong>SGV Abt. Fellinghausen<\/strong><\/td><td><strong>Verein Schloss Junkernhees<\/strong><\/td><td><strong>TuS Fellinghausen<\/strong><\/td><\/tr><tr><td>Wilfried Neudeck<\/td><td>Christian Gerhard<\/td><td>Carlo Afronti<\/td><\/tr><tr><td>Dornseifer Str. 66<\/td><td>Heesstr. 202<\/td><td>Siegener Str. 130<\/td><\/tr><tr><td>02732\/12750<\/td><td>0151\/11623135<\/td><td>0170\/3206812<\/td><\/tr><tr><td>&nbsp;<\/td><td><a href=\"mailto:verein@schloss-junkernhees.de\">verein@schloss-junkernhees.de<\/a><\/td><td><a href=\"mailto:vorstand@tus-fellinghausen.de\">vorstand@tus-fellinghausen.de<\/a><\/td><\/tr><tr><td>&nbsp;<\/td><td>&nbsp;<\/td><td>&nbsp;<\/td><\/tr><tr><td><strong>Kyffh\u00e4user Kameradschaft<\/strong><\/td><td><strong>GV \u201eWestfalia\u201c Osthelden<\/strong><\/td><td><strong>Verein zur Pflege der Sied-<\/strong><\/td><\/tr><tr><td><strong>Fellinghausen<\/strong><\/td><td>Roy Shirley<\/td><td><strong>lungsgemeinschaft M\u00fchlberg<\/strong><\/td><\/tr><tr><td>Rainer Pawlick<\/td><td>Alter Weg 39<\/td><td>Peter Frettl\u00f6h<\/td><\/tr><tr><td>0163\/7567437<\/td><td>02732\/12976<\/td><td>Martin-Luther-Str. 4<\/td><\/tr><tr><td><a href=\"mailto:mw@kk-fellinghausen.de\">mw@kk-fellinghausen.de<\/a><\/td><td><a href=\"mailto:Gv-osthelden@gmx.de\">Gv-osthelden@gmx.de<\/a><\/td><td>0171\/9103428<\/td><\/tr><tr><td>&nbsp;<\/td><td><a href=\"http:\/\/www.gesangverein-osthelden.de\">www.gesangverein-osthelden.de<\/a><\/td><td>&nbsp;<\/td><\/tr><tr><td>&nbsp;<\/td><td>&nbsp;<\/td><td>&nbsp;<\/td><\/tr><tr><td><strong>B\u00fcrgerverein Fellinghausen<\/strong><\/td><td><strong>Kapelle mit Kultur<\/strong><\/td><td><strong>B\u00fcrgerverein Osthelden<\/strong><\/td><\/tr><tr><td>Bernd Meichelb\u00f6ck<\/td><td>Dirk Becker<\/td><td>Dirk Hoffmann<\/td><\/tr><tr><td>Heesstr. 98<\/td><td>Gewendtweg 2<\/td><td>Am Str\u00e4\u00dfchen 3<\/td><\/tr><tr><td>02732\/25276<\/td><td>02732\/765548<\/td><td>02732\/582750<\/td><\/tr><tr><td><a href=\"mailto:Bernd.meichelboeck@arcor.de\">Bernd.meichelboeck@arcor.de<\/a><\/td><td><a href=\"mailto:Dirk.becker@kapelle-mit-kultur.de\">Dirk.becker@kapelle-mit-kultur.de<\/a><\/td><td><a href=\"mailto:info@buergerverein-osthelden.de\">info@buergerverein-osthelden.de<\/a><\/td><\/tr><tr><td>&nbsp;<\/td><td>&nbsp;<\/td><td><a href=\"http:\/\/www.buergerverein-osthelden.de\">www.buergerverein-osthelden.de<\/a><\/td><\/tr><\/tbody><\/table><\/figure>\n","protected":false},"excerpt":{"rendered":"<p>Ansprechpartner der Vereine Blasorchester Stadt Kreuztal Freiwillige Feuerwehr Kreuztal Freiwillige Feuerwehr Kreuztal Mike Brombach L\u00f6schgruppe Fellinghausen L\u00f6schgruppe Osthelden Buschh\u00fcttener Str. 88 Sven Julius Kai Schmidt 57223 Kreuztal Hanna-Achenbach-Weg 2 Alter Weg 02732\/791082 02732\/7653144 02732\/ info@blasorchester-kreuztal.de Sven.julius@web.de ff-osthelden@t-online.de www.blasorchester-kreuztal.de www.feuerwehr.kreuztal.de www.feuerwehr.kreuztal.de &nbsp; &nbsp; &nbsp; Radsportverein RSV Osthelden DRK Gruppe Fellinghausen Ev. Kirchengemeinde Klaus Irle Dieter Schmidt [&hellip;]<\/p>\n","protected":false},"author":1,"featured_media":0,"parent":0,"menu_order":0,"comment_status":"closed","ping_status":"closed","template":"templates\/template-full-width.php","meta":{"_mc_calendar":[],"footnotes":""},"class_list":["post-40","page","type-page","status-publish","hentry"],"_links":{"self":[{"href":"https:\/\/kalender.osthelden.eu\/index.php\/wp-json\/wp\/v2\/pages\/40","targetHints":{"allow":["GET"]}}],"collection":[{"href":"https:\/\/kalender.osthelden.eu\/index.php\/wp-json\/wp\/v2\/pages"}],"about":[{"href":"https:\/\/kalender.osthelden.eu\/index.php\/wp-json\/wp\/v2\/types\/page"}],"author":[{"embeddable":true,"href":"https:\/\/kalender.osthelden.eu\/index.php\/wp-json\/wp\/v2\/users\/1"}],"replies":[{"embeddable":true,"href":"https:\/\/kalender.osthelden.eu\/index.php\/wp-json\/wp\/v2\/comments?post=40"}],"version-history":[{"count":1,"href":"https:\/\/kalender.osthelden.eu\/index.php\/wp-json\/wp\/v2\/pages\/40\/revisions"}],"predecessor-version":[{"id":41,"href":"https:\/\/kalender.osthelden.eu\/index.php\/wp-json\/wp\/v2\/pages\/40\/revisions\/41"}],"wp:attachment":[{"href":"https:\/\/kalender.osthelden.eu\/index.php\/wp-json\/wp\/v2\/media?parent=40"}],"curies":[{"name":"wp","href":"https:\/\/api.w.org\/{rel}","templated":true}]}}